{"id":305,"date":"2025-06-24T09:28:20","date_gmt":"2025-06-24T09:28:20","guid":{"rendered":"https:\/\/procristian.es\/?page_id=305"},"modified":"2025-06-24T09:31:29","modified_gmt":"2025-06-24T09:31:29","slug":"305-2","status":"publish","type":"page","link":"https:\/\/procristian.es\/index.php\/305-2\/","title":{"rendered":"C\u00f3digo Radio"},"content":{"rendered":"<div id=\"pl-305\"  class=\"panel-layout\" ><div id=\"pg-305-0\"  class=\"panel-grid panel-no-style\" ><div id=\"pgc-305-0-0\"  class=\"panel-grid-cell\" ><div id=\"panel-305-0-0-0\" class=\"so-panel widget widget_black-studio-tinymce widget_black_studio_tinymce panel-first-child panel-last-child\" data-index=\"0\" ><h3 class=\"widget-title\">C\u00f3digo Radio<\/h3><div class=\"textwidget\"><h2><span class=\"\" style=\"display:block;clear:both;height: 0px;padding-top: 20px;border-top-width:0px;border-bottom-width:0px;\"><\/span><\/h2>\n<h2 style=\"text-align: center;\"><b>\ud83d\udd13 <\/b><\/h2>\n<h2 style=\"text-align: center;\"><span style=\"color: #999999;\"><b>Desbloqueo y decodificaci\u00f3n de<br \/>\n<\/b><\/span><span style=\"color: #999999;\"><b>radios y navegadores<\/b><\/span><\/h2>\n<p>&nbsp;<\/p>\n<p class=\"p3\" style=\"text-align: center;\">\u00bfSe ha bloqueado el radio o navegador de tu coche despu\u00e9s de desconectar la bater\u00eda?<\/p>\n<p class=\"p3\" style=\"text-align: center;\">\u00bfTu sistema multimedia te pide un <span class=\"s2\"><b>c\u00f3digo de acceso<\/b><\/span> que no tienes?<\/p>\n<p class=\"p3\" style=\"text-align: center;\">\ud83d\udc49 \u00a1No te preocupes m\u00e1s!<\/p>\n<p class=\"p3\" style=\"text-align: center;\">Ofrezco un servicio r\u00e1pido y eficaz de <span class=\"s2\"><b>decodificaci\u00f3n y recuperaci\u00f3n de c\u00f3digo<\/b><\/span> para:<\/p>\n<ul style=\"text-align: center;\">\n<li>\n<p class=\"p1\">Radios \/ casetes originales de f\u00e1brica<\/p>\n<\/li>\n<li>\n<p class=\"p1\">Sistemas de navegaci\u00f3n integrados<\/p>\n<\/li>\n<li>\n<p class=\"p1\">DVD players de coche<\/p>\n<\/li>\n<li>\n<p class=\"p1\">Equipos multimedia bloqueados por seguridad<\/p>\n<\/li>\n<\/ul>\n<p class=\"p3\" style=\"text-align: center;\">\u2699\ufe0f Estos dispositivos suelen bloquearse al cortar la corriente<br \/>\n(por ejemplo, al cambiar la bater\u00eda),<br \/>\ny sin el c\u00f3digo correcto, quedan inutilizables.<\/p>\n<p class=\"p4\" style=\"text-align: center;\"><span style=\"font-size: 14pt; color: #999999;\"><strong><span class=\"s3\">\ud83d\udd27 <\/span>Yo puedo ayudarte a desbloquearlo en tan solo 30 minutos.<\/strong><\/span><b><\/b><\/p>\n<p class=\"p3\" style=\"text-align: center;\">Sin esperas largas, sin complicaciones y a un precio justo.<\/p>\n<p class=\"p3\" style=\"text-align: center;\">\u2705 Evita gastos innecesarios en talleres oficiales<\/p>\n<p class=\"p3\" style=\"text-align: center;\">\u2705 Ahorra tiempo y molestias<\/p>\n<p class=\"p3\" style=\"text-align: center;\">\u2705 Soluci\u00f3n inmediata, al instante<\/p>\n<p class=\"p3\" style=\"text-align: center;\">\ud83d\udccd Servicio disponible en M\u00e1laga y alrededores<\/p>\n<p class=\"p3\" style=\"text-align: center;\">\ud83d\udcac Cont\u00e1ctame ahora y vuelve a disfrutar de tu m\u00fasica sin estr\u00e9s<\/p>\n<\/div><\/div><\/div><\/div><\/div>","protected":false},"excerpt":{"rendered":"<p>\ud83d\udd13 Desbloqueo y decodificaci\u00f3n de radios y navegadores &nbsp; \u00bfSe ha bloqueado el radio o navegador de tu coche despu\u00e9s de desconectar la bater\u00eda? \u00bfTu sistema multimedia te pide un c\u00f3digo de acceso que no tienes? \ud83d\udc49 \u00a1No te preocupes m\u00e1s! Ofrezco un servicio r\u00e1pido y eficaz de decodificaci\u00f3n y recuperaci\u00f3n de c\u00f3digo para: Radios <a class=\"moretag\" href=\"https:\/\/procristian.es\/index.php\/305-2\/\">Read More &#8230;<\/a><\/p>\n","protected":false},"author":1,"featured_media":0,"parent":0,"menu_order":0,"comment_status":"closed","ping_status":"closed","template":"full-width-page.php","meta":{"footnotes":""},"class_list":["post-305","page","type-page","status-publish","hentry"],"_links":{"self":[{"href":"https:\/\/procristian.es\/index.php\/wp-json\/wp\/v2\/pages\/305","targetHints":{"allow":["GET"]}}],"collection":[{"href":"https:\/\/procristian.es\/index.php\/wp-json\/wp\/v2\/pages"}],"about":[{"href":"https:\/\/procristian.es\/index.php\/wp-json\/wp\/v2\/types\/page"}],"author":[{"embeddable":true,"href":"https:\/\/procristian.es\/index.php\/wp-json\/wp\/v2\/users\/1"}],"replies":[{"embeddable":true,"href":"https:\/\/procristian.es\/index.php\/wp-json\/wp\/v2\/comments?post=305"}],"version-history":[{"count":3,"href":"https:\/\/procristian.es\/index.php\/wp-json\/wp\/v2\/pages\/305\/revisions"}],"predecessor-version":[{"id":309,"href":"https:\/\/procristian.es\/index.php\/wp-json\/wp\/v2\/pages\/305\/revisions\/309"}],"wp:attachment":[{"href":"https:\/\/procristian.es\/index.php\/wp-json\/wp\/v2\/media?parent=305"}],"curies":[{"name":"wp","href":"https:\/\/api.w.org\/{rel}","templated":true}]}}