{"id":40,"date":"2025-06-19T19:17:03","date_gmt":"2025-06-19T19:17:03","guid":{"rendered":"https:\/\/procristian.es\/?page_id=40"},"modified":"2025-06-22T07:51:34","modified_gmt":"2025-06-22T07:51:34","slug":"sobre-nosotros","status":"publish","type":"page","link":"https:\/\/procristian.es\/index.php\/sobre-nosotros\/","title":{"rendered":"Sobre Nosotros"},"content":{"rendered":"<div id=\"pl-40\"  class=\"panel-layout\" ><div id=\"pg-40-0\"  class=\"panel-grid panel-no-style\" ><div id=\"pgc-40-0-0\"  class=\"panel-grid-cell\" ><div id=\"panel-40-0-0-0\" class=\"so-panel widget widget_black-studio-tinymce widget_black_studio_tinymce panel-first-child panel-last-child\" data-index=\"0\" ><div class=\"textwidget\"><p><span class=\"\" style=\"display:block;clear:both;height: 0px;padding-top: 20px;border-top-width:0px;border-bottom-width:0px;\"><\/span><\/p>\n<p style=\"text-align: center;\"><span style=\"font-size: 14pt;\"><strong>Servicios profesionales<\/strong><\/span><br \/>\n<span style=\"font-size: 14pt;\"><strong>M\u00e1s de 25 a\u00f1os de experiencia a tu disposici\u00f3n<\/strong><\/span><\/p>\n<p style=\"text-align: center;\">Con m\u00e1s de <strong>25 a\u00f1os de experiencia<\/strong> ofreciendo servicios especializados en electr\u00f3nica y mec\u00e1nica del autom\u00f3vil a domicilio.<br \/>\nEn <strong>Pro Cristian<\/strong> nos desplazamos directamente a tu domicilio para que recibas la atenci\u00f3n que necesitas en la comodidad de tu hogar o lugar de trabajo.<\/p>\n<p style=\"text-align: center;\">Nuestra trayectoria y profesionalismo garantizan diagn\u00f3sticos electr\u00f3nicos precisos,<br \/>\nreparaciones, reprogramaciones y servicios de transporte,<br \/>\ntodo adaptado a tus necesidades y sin que tengas que moverte.<\/p>\n<p style=\"text-align: center;\">Conf\u00eda en un equipo que combina experiencia,<br \/>\ntecnolog\u00eda avanzada y la comodidad que mereces.<br \/>\nTu veh\u00edculo en buenas manos, sin complicaciones.<\/p>\n<\/div><\/div><\/div><\/div><\/div>","protected":false},"excerpt":{"rendered":"<p>Servicios profesionales M\u00e1s de 25 a\u00f1os de experiencia a tu disposici\u00f3n Con m\u00e1s de 25 a\u00f1os de experiencia ofreciendo servicios especializados en electr\u00f3nica y mec\u00e1nica del autom\u00f3vil a domicilio. En Pro Cristian nos desplazamos directamente a tu domicilio para que recibas la atenci\u00f3n que necesitas en la comodidad de tu hogar o lugar de trabajo. <a class=\"moretag\" href=\"https:\/\/procristian.es\/index.php\/sobre-nosotros\/\">Read More &#8230;<\/a><\/p>\n","protected":false},"author":1,"featured_media":0,"parent":0,"menu_order":0,"comment_status":"closed","ping_status":"closed","template":"full-width-page.php","meta":{"footnotes":""},"class_list":["post-40","page","type-page","status-publish","hentry"],"_links":{"self":[{"href":"https:\/\/procristian.es\/index.php\/wp-json\/wp\/v2\/pages\/40","targetHints":{"allow":["GET"]}}],"collection":[{"href":"https:\/\/procristian.es\/index.php\/wp-json\/wp\/v2\/pages"}],"about":[{"href":"https:\/\/procristian.es\/index.php\/wp-json\/wp\/v2\/types\/page"}],"author":[{"embeddable":true,"href":"https:\/\/procristian.es\/index.php\/wp-json\/wp\/v2\/users\/1"}],"replies":[{"embeddable":true,"href":"https:\/\/procristian.es\/index.php\/wp-json\/wp\/v2\/comments?post=40"}],"version-history":[{"count":9,"href":"https:\/\/procristian.es\/index.php\/wp-json\/wp\/v2\/pages\/40\/revisions"}],"predecessor-version":[{"id":300,"href":"https:\/\/procristian.es\/index.php\/wp-json\/wp\/v2\/pages\/40\/revisions\/300"}],"wp:attachment":[{"href":"https:\/\/procristian.es\/index.php\/wp-json\/wp\/v2\/media?parent=40"}],"curies":[{"name":"wp","href":"https:\/\/api.w.org\/{rel}","templated":true}]}}